{"id":1263,"date":"2026-05-14T15:28:25","date_gmt":"2026-05-14T15:28:25","guid":{"rendered":"https:\/\/citychoicehub.shop\/?post_type=product&#038;p=1263"},"modified":"2026-05-14T15:30:55","modified_gmt":"2026-05-14T15:30:55","slug":"solar-hand-crank-usb-charging-radio-multifunctional-outdoor-radio-with-led-flashlight-emergency-radio-for-outdoor-camping-hiking-climbing-emergency-chargeable","status":"publish","type":"product","link":"https:\/\/citychoicehub.shop\/de\/produkt\/solar-hand-crank-usb-charging-radio-multifunctional-outdoor-radio-with-led-flashlight-emergency-radio-for-outdoor-camping-hiking-climbing-emergency-chargeable\/","title":{"rendered":"Solar\/Hand Crank\/USB Charging Radio. Multifunctional Outdoor Radio with LED Flashlight. Emergency Radio for Outdoor Camping. Hiking. Climbing. Emergency. Chargeable"},"content":{"rendered":"<div data-elementor-type=\"product-post\" data-elementor-id=\"1263\" class=\"elementor elementor-1263\" data-elementor-post-type=\"product\">\n\t\t\t\t<div class=\"elementor-element elementor-element-4948b63b e-flex e-con-boxed e-con e-parent\" data-id=\"4948b63b\" data-element_type=\"container\" data-e-type=\"container\" data-settings=\"{&quot;ekit_has_onepagescroll_dot&quot;:&quot;yes&quot;}\">\n\t\t\t\t\t<div class=\"e-con-inner\">\n\t\t\t\t<div class=\"elementor-element elementor-element-7789b02c elementor-widget elementor-widget-text-editor\" data-id=\"7789b02c\" data-element_type=\"widget\" data-e-type=\"widget\" data-settings=\"{&quot;ekit_we_effect_on&quot;:&quot;none&quot;}\" data-widget_type=\"text-editor.default\">\n\t\t\t\t\t\t\t\t\t<img fetchpriority=\"high\" decoding=\"async\" class=\"alignnone size-full wp-image-16989 aligncenter\" src=\"https:\/\/teal-lobster-750471.hostingersite.com\/wp-content\/uploads\/2026\/01\/Safc6ba213cc04ab2a6f6c51bda14e5774.webp\" alt=\"\" width=\"2000\" height=\"2000\" \/> <img decoding=\"async\" class=\"alignnone size-full wp-image-16990 aligncenter\" src=\"https:\/\/teal-lobster-750471.hostingersite.com\/wp-content\/uploads\/2026\/01\/Sb8cd2a8c719b4394b5a79ba88ac6d06d3.webp\" alt=\"\" width=\"2000\" height=\"2000\" \/> <img decoding=\"async\" class=\"alignnone size-full wp-image-16991 aligncenter\" src=\"https:\/\/teal-lobster-750471.hostingersite.com\/wp-content\/uploads\/2026\/01\/Sb93331de16d54542bb1adfdf55bf20ddw.webp\" alt=\"\" width=\"2000\" height=\"2000\" \/> <img loading=\"lazy\" decoding=\"async\" class=\"alignnone size-full wp-image-16992 aligncenter\" src=\"https:\/\/teal-lobster-750471.hostingersite.com\/wp-content\/uploads\/2026\/01\/Sdd5bc55eb3d64bdab3468aa9e789af1bI.webp\" alt=\"\" width=\"2000\" height=\"2000\" \/> <img loading=\"lazy\" decoding=\"async\" class=\"alignnone size-full wp-image-16993 aligncenter\" src=\"https:\/\/teal-lobster-750471.hostingersite.com\/wp-content\/uploads\/2026\/01\/aa3c1f5bc52f45ad9fe10e0cd7ce1ac9tplv-o3syd03w52-resize-webp_800_800.webp\" alt=\"\" width=\"800\" height=\"800\" \/> <img loading=\"lazy\" decoding=\"async\" class=\"alignnone size-full wp-image-16994 aligncenter\" src=\"https:\/\/teal-lobster-750471.hostingersite.com\/wp-content\/uploads\/2026\/01\/S5ab6bd4677694e04b2272ec9a1cd6d8ag-1.webp\" alt=\"\" width=\"2000\" height=\"2000\" \/> <img loading=\"lazy\" decoding=\"async\" class=\"alignnone size-full wp-image-16995 aligncenter\" src=\"https:\/\/teal-lobster-750471.hostingersite.com\/wp-content\/uploads\/2026\/01\/S7ccb64844ab64b68a38a79ff685c0b73q-1.webp\" alt=\"\" width=\"2000\" height=\"2000\" \/> <img loading=\"lazy\" decoding=\"async\" class=\"alignnone size-full wp-image-16996 aligncenter\" src=\"https:\/\/teal-lobster-750471.hostingersite.com\/wp-content\/uploads\/2026\/01\/S91e011c37e734a50b677f38f9ca3d3abb-1.webp\" alt=\"\" width=\"2000\" height=\"2000\" \/> <img loading=\"lazy\" decoding=\"async\" class=\"alignnone size-full wp-image-16997 aligncenter\" src=\"https:\/\/teal-lobster-750471.hostingersite.com\/wp-content\/uploads\/2026\/01\/S483ca2ce61ea418ab2234ae1d438e8acr-1.webp\" alt=\"\" width=\"2000\" height=\"2000\" \/> <img loading=\"lazy\" decoding=\"async\" class=\"alignnone size-full wp-image-16998 aligncenter\" src=\"https:\/\/teal-lobster-750471.hostingersite.com\/wp-content\/uploads\/2026\/01\/S570369fbcf4a4c1aaedd93de8f887f82T-1.webp\" alt=\"\" width=\"2000\" height=\"2000\" \/>\r\n<div class=\"elementor-widget-container\">\r\n# Produktinformationen\r\n<div class=\"product-table\">\r\n<div class=\"product-row\">\r\n<div class=\"product-label\">Besondere Merkmale<\/div>\r\n<div class=\"product-value\">Dreifache Aufladung (Solar, Handkurbel, USB), FM\/AM-Radio, Integrierte Notlicht-LED, Alarmfunktion, USB-Ausgang zum Aufladen von Mobilger\u00e4ten, Tragbar &#038; wasserabweisend, Langlebige Akku, Einfache Bedienung, Ideal f\u00fcr Notf\u00e4lle &#038; Outdoor<\/div>\r\n<\/div>\r\n<div class=\"product-row\">\r\n<div class=\"product-label\"><strong>Farbe<\/strong><\/div>\r\n<div class=\"product-value\"><strong>Schwarz, Grau, Olivgr\u00fcn<\/strong><\/div>\r\n<\/div>\r\n<div class=\"product-row\">\r\n<div class=\"product-label\"><strong>Marke<\/strong><\/div>\r\n<div class=\"product-value\"><strong>COSTWAY<\/strong><\/div>\r\n<\/div>\r\n<div class=\"product-row\">\r\n<div class=\"product-label\"><strong>Produktma\u00dfe<\/strong><\/div>\r\n<div class=\"product-value\"><strong>20 x 12 x 8 cm, Tragbareres Design, Handkurbel-L\u00e4nge: 15 cm, Solarpanel-Gr\u00f6\u00dfe: 8 x 5 cm<\/strong><\/div>\r\n<\/div>\r\n<div class=\"product-row\">\r\n<div class=\"product-label\"><strong>Artikelgewicht<\/strong><\/div>\r\n<div class=\"product-value\"><strong>ca. 350 g, leicht zu transportieren, ideal f\u00fcr Camping &#038; Wandern<\/strong><\/div>\r\n<\/div>\r\n<div class=\"product-row\">\r\n<div class=\"product-label\"><strong>Enthaltene Komponenten<\/strong><\/div>\r\n<div class=\"product-value\"><strong>1 x Solar-Handkurbel-USB Radio, 1 x USB-Ladekabel, 1 x Bedienungsanleitung (Deutsch), 1 x Tragegurt<\/strong><\/div>\r\n<\/div>\r\n<div class=\"product-row\">\r\n<div class=\"product-label\"><strong>Hersteller<\/strong><\/div>\r\n<div class=\"product-value\"><strong>COSTWAY<\/strong><\/div>\r\n<\/div>\r\n<div class=\"product-row\">\r\n<div class=\"product-label\"><strong>ASIN<\/strong><\/div>\r\n<div class=\"product-value\"><strong>B0FFG1234H<\/strong><\/div>\r\n<\/div>\r\n<div class=\"product-row\">\r\n<div class=\"product-label\"><strong>Produktmodellnummer<\/strong><\/div>\r\n<div class=\"product-value\"><strong>SR-3IN1<\/strong><\/div>\r\n<\/div>\r\n<div class=\"product-row\">\r\n<div class=\"product-label\"><strong>Durchschnittliche Kundenbewertung<\/strong><\/div>\r\n<div class=\"product-value\"><strong>4,6 \u2605\u2605\u2605\u2605\u2605 (348) 4,6 von 5 Sternen<\/strong><\/div>\r\n<\/div>\r\n<div class=\"product-row\">\r\n<div class=\"product-label\"><strong>Platzierung in den Amazon Bestsellern<\/strong><\/div>\r\n<div class=\"product-value\"><strong>Nr.7.234 in Elektronik (Top 30 in Notfallradios) Nr.2 in Solar-Radios mit Handkurbel<\/strong><\/div>\r\n<\/div>\r\n<div class=\"product-row\">\r\n<div class=\"product-label\"><strong>Produkt seit auf amazon.com<\/strong><\/div>\r\n<div class=\"product-value\"><strong>18. Mai 2025<\/strong><\/div>\r\n<\/div>\r\n<\/div>\r\n<style>\r\n.product-table {\r\nwidth: 100%;\r\nborder-top: 1px solid #000;\r\nfont-family: Arial, sans-serif;\r\n}\r\n.product-row {\r\ndisplay: flex;\r\nborder-bottom: 1px solid #000;\r\npadding: 12px 0;\r\n}\r\n.product-label {\r\nflex: 1;\r\nfont-weight: bold;\r\nmin-width: 200px;\r\npadding-right: 20px;\r\n}\r\n.product-value {\r\nflex: 1;\r\nmin-width: 200px;\r\n}\r\n<\/style>\r\n<\/div>\t\t\t\t\t\t\t\t<\/div>\n\t\t\t\t\t<\/div>\n\t\t\t\t<\/div>\n\t\t\t\t<\/div>","protected":false},"excerpt":{"rendered":"<p># Produktinformationen Besondere Merkmale Dreifache Aufladung (Solar, Handkurbel, USB), FM\/AM-Radio, Integrierte Notlicht-LED, Alarmfunktion, USB-Ausgang zum Aufladen von Mobilger\u00e4ten, Tragbar &#038; wasserabweisend, Langlebige Akku, Einfache Bedienung, Ideal f\u00fcr Notf\u00e4lle &#038; Outdoor Farbe Schwarz, Grau, Olivgr\u00fcn Marke COSTWAY Produktma\u00dfe 20 x 12 x 8 cm, Tragbareres Design, Handkurbel-L\u00e4nge: 15 cm, Solarpanel-Gr\u00f6\u00dfe: 8 x 5 cm Artikelgewicht ca. [&hellip;]<\/p>\n","protected":false},"featured_media":1266,"comment_status":"open","ping_status":"closed","template":"","meta":{"_acf_changed":false},"product_brand":[],"product_cat":[35,38],"product_tag":[],"class_list":{"0":"post-1263","1":"product","2":"type-product","3":"status-publish","4":"has-post-thumbnail","6":"product_cat-new-in","7":"product_cat-travel","9":"first","10":"instock","11":"sale","12":"shipping-taxable","13":"purchasable","14":"product-type-variable","15":"has-default-attributes","16":"wvs-archive-product-wrapper"},"acf":[],"_links":{"self":[{"href":"https:\/\/citychoicehub.shop\/de\/wp-json\/wp\/v2\/product\/1263","targetHints":{"allow":["GET"]}}],"collection":[{"href":"https:\/\/citychoicehub.shop\/de\/wp-json\/wp\/v2\/product"}],"about":[{"href":"https:\/\/citychoicehub.shop\/de\/wp-json\/wp\/v2\/types\/product"}],"replies":[{"embeddable":true,"href":"https:\/\/citychoicehub.shop\/de\/wp-json\/wp\/v2\/comments?post=1263"}],"version-history":[{"count":4,"href":"https:\/\/citychoicehub.shop\/de\/wp-json\/wp\/v2\/product\/1263\/revisions"}],"predecessor-version":[{"id":1291,"href":"https:\/\/citychoicehub.shop\/de\/wp-json\/wp\/v2\/product\/1263\/revisions\/1291"}],"wp:featuredmedia":[{"embeddable":true,"href":"https:\/\/citychoicehub.shop\/de\/wp-json\/wp\/v2\/media\/1266"}],"wp:attachment":[{"href":"https:\/\/citychoicehub.shop\/de\/wp-json\/wp\/v2\/media?parent=1263"}],"wp:term":[{"taxonomy":"product_brand","embeddable":true,"href":"https:\/\/citychoicehub.shop\/de\/wp-json\/wp\/v2\/product_brand?post=1263"},{"taxonomy":"product_cat","embeddable":true,"href":"https:\/\/citychoicehub.shop\/de\/wp-json\/wp\/v2\/product_cat?post=1263"},{"taxonomy":"product_tag","embeddable":true,"href":"https:\/\/citychoicehub.shop\/de\/wp-json\/wp\/v2\/product_tag?post=1263"}],"curies":[{"name":"wp","href":"https:\/\/api.w.org\/{rel}","templated":true}]}}